{"id":1245,"date":"2018-08-27T12:15:55","date_gmt":"2018-08-27T09:15:55","guid":{"rendered":"https:\/\/arvydev.com\/apie-mus\/"},"modified":"2024-02-03T21:21:08","modified_gmt":"2024-02-03T19:21:08","slug":"apie-mus","status":"publish","type":"page","link":"https:\/\/arvydev.com\/lt\/apie-mus\/","title":{"rendered":"Apie Mus"},"content":{"rendered":"\t\t<div data-elementor-type=\"wp-post\" data-elementor-id=\"1245\" class=\"elementor elementor-1245 elementor-310\" data-elementor-post-type=\"page\">\n\t\t\t\t\t\t<section class=\"elementor-section elementor-top-section elementor-element elementor-element-6e99129 elementor-section-boxed elementor-section-height-default elementor-section-height-default\" data-id=\"6e99129\" data-element_type=\"section\" data-settings=\"{&quot;background_background&quot;:&quot;classic&quot;}\">\n\t\t\t\t\t\t\t<div class=\"elementor-background-overlay\"><\/div>\n\t\t\t\t\t\t\t<div class=\"elementor-container elementor-column-gap-no\">\n\t\t\t\t\t<div class=\"elementor-column elementor-col-100 elementor-top-column elementor-element elementor-element-4416359\" data-id=\"4416359\" data-element_type=\"column\">\n\t\t\t<div class=\"elementor-widget-wrap elementor-element-populated\">\n\t\t\t\t\t\t<div class=\"elementor-element elementor-element-18999a8 elementor-widget elementor-widget-heading\" data-id=\"18999a8\" data-element_type=\"widget\" data-widget_type=\"heading.default\">\n\t\t\t\t<div class=\"elementor-widget-container\">\n\t\t\t\t\t<h5 class=\"elementor-heading-title elementor-size-default\">Pora \u017dod\u017ei\u0173<\/h5>\t\t\t\t<\/div>\n\t\t\t\t<\/div>\n\t\t\t\t<div class=\"elementor-element elementor-element-754968b elementor-widget elementor-widget-heading\" data-id=\"754968b\" data-element_type=\"widget\" data-widget_type=\"heading.default\">\n\t\t\t\t<div class=\"elementor-widget-container\">\n\t\t\t\t\t<h1 class=\"elementor-heading-title elementor-size-default\">Apie mus<\/h1>\t\t\t\t<\/div>\n\t\t\t\t<\/div>\n\t\t\t\t\t<\/div>\n\t\t<\/div>\n\t\t\t\t\t<\/div>\n\t\t<\/section>\n\t\t\t\t<section class=\"elementor-section elementor-top-section elementor-element elementor-element-6785f070 elementor-section-content-middle elementor-section-boxed elementor-section-height-default elementor-section-height-default\" data-id=\"6785f070\" data-element_type=\"section\" data-settings=\"{&quot;background_background&quot;:&quot;classic&quot;}\">\n\t\t\t\t\t\t<div class=\"elementor-container elementor-column-gap-no\">\n\t\t\t\t\t<div class=\"elementor-column elementor-col-50 elementor-top-column elementor-element elementor-element-236a079\" data-id=\"236a079\" data-element_type=\"column\">\n\t\t\t<div class=\"elementor-widget-wrap elementor-element-populated\">\n\t\t\t\t\t\t<div class=\"elementor-element elementor-element-618cf60d elementor-widget elementor-widget-heading\" data-id=\"618cf60d\" data-element_type=\"widget\" data-widget_type=\"heading.default\">\n\t\t\t\t<div class=\"elementor-widget-container\">\n\t\t\t\t\t<h6 class=\"elementor-heading-title elementor-size-default\">Nepriekai\u0161tingas Aptarnavimas\n<\/h6>\t\t\t\t<\/div>\n\t\t\t\t<\/div>\n\t\t\t\t<div class=\"elementor-element elementor-element-3d0aa540 elementor-widget elementor-widget-heading\" data-id=\"3d0aa540\" data-element_type=\"widget\" data-widget_type=\"heading.default\">\n\t\t\t\t<div class=\"elementor-widget-container\">\n\t\t\t\t\t<h2 class=\"elementor-heading-title elementor-size-default\">Atraskite Naujas Business Central Galimybes!<\/h2>\t\t\t\t<\/div>\n\t\t\t\t<\/div>\n\t\t\t\t<div class=\"elementor-element elementor-element-f54774f elementor-widget elementor-widget-heading\" data-id=\"f54774f\" data-element_type=\"widget\" data-widget_type=\"heading.default\">\n\t\t\t\t<div class=\"elementor-widget-container\">\n\t\t\t\t\t<h4 class=\"elementor-heading-title elementor-size-default\">Sutelkite Savo Laik\u0105 Ir Pastangas \u012e Versl\u0105, O Technologin\u0119 Jo Prie\u017ei\u016br\u0105 Palikite Mums.<\/h4>\t\t\t\t<\/div>\n\t\t\t\t<\/div>\n\t\t\t\t<div class=\"elementor-element elementor-element-5aabbfce elementor-widget elementor-widget-text-editor\" data-id=\"5aabbfce\" data-element_type=\"widget\" data-widget_type=\"text-editor.default\">\n\t\t\t\t<div class=\"elementor-widget-container\">\n\t\t\t\t\t\t\t\t\t<p>\u201eArvyDev\u201c \u2013 tai ekspert\u0173 komanda, padedanti \u201eMicrosoft\u201c partneriams ir galutiniams naudotojams suma\u017einti rizik\u0105 ir i\u0161laidas dirbant su \u201eMicrosoft Dynamics NAV\u201c ir \u201eMicrosoft Dynamics 365 Business Central\u201c projektais. Mes kuriame, paleid\u017eiame ir valdome skaitmenines verslo programas \u0161iuolaikin\u0117ms vie\u0161ojo ir privataus sektoriaus organizacijoms.<\/p><p>M\u016bs\u0173 komandos patirtis siekia daugiau nei de\u0161imtmet\u012f kuriant \u012fvairius \u201eBusiness Central\u201c (anks\u010diau \u201eMicrosoft Dynamics NAV\u201c, \u201eNavision\u201c) sprendimus. Pagal naujausias IT tendencijas gausybei klient\u0173 pad\u0117jome atnaujinti versl\u0105. Tai viena prie\u017eas\u010di\u0173, kod\u0117l esame oficialus \u201eMicrosoft\u201c partneris Lietuvoje.<\/p><p>Suprantame, kad dabartiniame skaitmenizuotame verslo pasaulyje, vis\u0173 dyd\u017ei\u0173 ir pramon\u0117s \u0161ak\u0173 organizacijos turi i\u0161likti konkurencingos. Tod\u0117l tam, kad procesai tapt\u0173 paprastesni, efektyvumas padid\u0117t\u0173, o J\u016bs\u0173 i\u0161laidos suma\u017e\u0117t\u0173, pasitelkdami naujausias technologijas, esame pasiry\u017e\u0119 Jums pad\u0117ti!<\/p><p>M\u016bs\u0173 sprendimai yra pritaikyti prie unikali\u0173 J\u016bs\u0173 verslo poreiki\u0173, tod\u0117l galite b\u016bti tikri, jog investicij\u0173 gr\u0105\u017ea i\u0161augs, o klientai taps laimingesni!<\/p>\t\t\t\t\t\t\t\t<\/div>\n\t\t\t\t<\/div>\n\t\t\t\t\t<\/div>\n\t\t<\/div>\n\t\t\t\t<div class=\"elementor-column elementor-col-50 elementor-top-column elementor-element elementor-element-2c9a3eef\" data-id=\"2c9a3eef\" data-element_type=\"column\" data-settings=\"{&quot;background_background&quot;:&quot;classic&quot;}\">\n\t\t\t<div class=\"elementor-widget-wrap elementor-element-populated\">\n\t\t\t\t\t\t<div class=\"elementor-element elementor-element-a08fabf elementor-widget elementor-widget-image\" data-id=\"a08fabf\" data-element_type=\"widget\" data-widget_type=\"image.default\">\n\t\t\t\t<div class=\"elementor-widget-container\">\n\t\t\t\t\t\t\t\t\t\t\t\t\t\t\t<img fetchpriority=\"high\" decoding=\"async\" width=\"1476\" height=\"1117\" src=\"https:\/\/arvydev.com\/wp-content\/uploads\/2024\/02\/Microsoft-Partner-Logo.webp\" class=\"elementor-animation-grow attachment-full size-full wp-image-1357\" alt=\"\" srcset=\"https:\/\/arvydev.com\/wp-content\/uploads\/2024\/02\/Microsoft-Partner-Logo.webp 1476w, https:\/\/arvydev.com\/wp-content\/uploads\/2024\/02\/Microsoft-Partner-Logo-300x227.webp 300w, https:\/\/arvydev.com\/wp-content\/uploads\/2024\/02\/Microsoft-Partner-Logo-1024x775.webp 1024w, https:\/\/arvydev.com\/wp-content\/uploads\/2024\/02\/Microsoft-Partner-Logo-768x581.webp 768w\" sizes=\"(max-width: 1476px) 100vw, 1476px\" \/>\t\t\t\t\t\t\t\t\t\t\t\t\t\t\t<\/div>\n\t\t\t\t<\/div>\n\t\t\t\t\t<\/div>\n\t\t<\/div>\n\t\t\t\t\t<\/div>\n\t\t<\/section>\n\t\t\t\t<section class=\"elementor-section elementor-top-section elementor-element elementor-element-e74548c elementor-section-content-middle elementor-section-boxed elementor-section-height-default elementor-section-height-default\" data-id=\"e74548c\" data-element_type=\"section\" data-settings=\"{&quot;background_background&quot;:&quot;classic&quot;}\">\n\t\t\t\t\t\t\t<div class=\"elementor-background-overlay\"><\/div>\n\t\t\t\t\t\t\t<div class=\"elementor-container elementor-column-gap-no\">\n\t\t\t\t\t<div class=\"elementor-column elementor-col-50 elementor-top-column elementor-element elementor-element-a01b607\" data-id=\"a01b607\" data-element_type=\"column\">\n\t\t\t<div class=\"elementor-widget-wrap elementor-element-populated\">\n\t\t\t\t\t\t<div class=\"elementor-element elementor-element-173c91a elementor-widget elementor-widget-heading\" data-id=\"173c91a\" data-element_type=\"widget\" data-widget_type=\"heading.default\">\n\t\t\t\t<div class=\"elementor-widget-container\">\n\t\t\t\t\t<h5 class=\"elementor-heading-title elementor-size-default\">Nemokamas Vertinimas<\/h5>\t\t\t\t<\/div>\n\t\t\t\t<\/div>\n\t\t\t\t<div class=\"elementor-element elementor-element-2be4b24 elementor-widget elementor-widget-heading\" data-id=\"2be4b24\" data-element_type=\"widget\" data-widget_type=\"heading.default\">\n\t\t\t\t<div class=\"elementor-widget-container\">\n\t\t\t\t\t<h2 class=\"elementor-heading-title elementor-size-default\">U\u017esisakykite Komercin\u012f Pasi\u016blym\u0105 Jau Dabar!<\/h2>\t\t\t\t<\/div>\n\t\t\t\t<\/div>\n\t\t\t\t<div class=\"elementor-element elementor-element-6268049 elementor-widget elementor-widget-text-editor\" data-id=\"6268049\" data-element_type=\"widget\" data-widget_type=\"text-editor.default\">\n\t\t\t\t<div class=\"elementor-widget-container\">\n\t\t\t\t\t\t\t\t\t<p>Pagal savo poreikius pasitelkite \u201eBusiness Central\u201c ir suma\u017einkite savo i\u0161laidas, pagerinkite savo verslo veiklos efektyvum\u0105 ir produktyvum\u0105.<\/p>\t\t\t\t\t\t\t\t<\/div>\n\t\t\t\t<\/div>\n\t\t\t\t\t<\/div>\n\t\t<\/div>\n\t\t\t\t<div class=\"elementor-column elementor-col-50 elementor-top-column elementor-element elementor-element-5ec228f\" data-id=\"5ec228f\" data-element_type=\"column\">\n\t\t\t<div class=\"elementor-widget-wrap elementor-element-populated\">\n\t\t\t\t\t\t<div class=\"elementor-element elementor-element-6c70723 elementor-align-right elementor-mobile-align-center elementor-widget elementor-widget-button\" data-id=\"6c70723\" data-element_type=\"widget\" data-widget_type=\"button.default\">\n\t\t\t\t<div class=\"elementor-widget-container\">\n\t\t\t\t\t\t\t\t\t<div class=\"elementor-button-wrapper\">\n\t\t\t\t\t<a class=\"elementor-button elementor-button-link elementor-size-md elementor-animation-grow\" href=\"https:\/\/arvydev.com\/lt\/kontaktai\/#wpforms-form-11\">\n\t\t\t\t\t\t<span class=\"elementor-button-content-wrapper\">\n\t\t\t\t\t\t\t\t\t<span class=\"elementor-button-text\">Gaukite Pasi\u016blym\u0105<\/span>\n\t\t\t\t\t<\/span>\n\t\t\t\t\t<\/a>\n\t\t\t\t<\/div>\n\t\t\t\t\t\t\t\t<\/div>\n\t\t\t\t<\/div>\n\t\t\t\t\t<\/div>\n\t\t<\/div>\n\t\t\t\t\t<\/div>\n\t\t<\/section>\n\t\t\t\t<\/div>\n\t\t","protected":false},"excerpt":{"rendered":"<p>Pora \u017dod\u017ei\u0173 Apie mus Nepriekai\u0161tingas Aptarnavimas Atraskite Naujas Business Central Galimybes! Sutelkite Savo Laik\u0105 Ir Pastangas \u012e Versl\u0105, O Technologin\u0119 Jo Prie\u017ei\u016br\u0105 Palikite Mums. \u201eArvyDev\u201c \u2013 tai ekspert\u0173 komanda, padedanti \u201eMicrosoft\u201c partneriams ir galutiniams naudotojams suma\u017einti rizik\u0105 ir i\u0161laidas dirbant su \u201eMicrosoft Dynamics NAV\u201c ir \u201eMicrosoft Dynamics 365 Business Central\u201c projektais. Mes kuriame, paleid\u017eiame ir &hellip;<\/p>\n<p class=\"read-more\"> <a class=\"\" href=\"https:\/\/arvydev.com\/lt\/apie-mus\/\"> <span class=\"screen-reader-text\">Apie Mus<\/span> Skaityti daugiau &raquo;<\/a><\/p>\n","protected":false},"author":1,"featured_media":0,"parent":0,"menu_order":0,"comment_status":"closed","ping_status":"closed","template":"","meta":{"_monsterinsights_skip_tracking":false,"_monsterinsights_sitenote_active":false,"_monsterinsights_sitenote_note":"","_monsterinsights_sitenote_category":0,"site-sidebar-layout":"default","site-content-layout":"page-builder","ast-global-header-display":"","ast-main-header-display":"","ast-hfb-above-header-display":"","ast-hfb-below-header-display":"","ast-hfb-mobile-header-display":"","site-post-title":"disabled","ast-breadcrumbs-content":"","ast-featured-img":"disabled","footer-sml-layout":"","theme-transparent-header-meta":"enabled","adv-header-id-meta":"","stick-header-meta":"","header-above-stick-meta":"","header-main-stick-meta":"","header-below-stick-meta":"","footnotes":""},"class_list":["post-1245","page","type-page","status-publish","hentry"],"yoast_head":"<!-- This site is optimized with the Yoast SEO plugin v22.5 - https:\/\/yoast.com\/wordpress\/plugins\/seo\/ -->\n<title>Atraskite Naujas Business Central Galimybes!\u200b<\/title>\n<meta name=\"description\" content=\"M\u016bs\u0173 sprendimai yra pritaikyti prie J\u016bs\u0173 verslo poreiki\u0173, tod\u0117l galite b\u016bti tikri, jog investicij\u0173 gr\u0105\u017ea i\u0161augs, o klientai taps laimingesni!\" \/>\n<meta name=\"robots\" content=\"index, follow, max-snippet:-1, max-image-preview:large, max-video-preview:-1\" \/>\n<link rel=\"canonical\" href=\"https:\/\/arvydev.com\/lt\/apie-mus\/\" \/>\n<meta property=\"og:locale\" content=\"lt_LT\" \/>\n<meta property=\"og:type\" content=\"article\" \/>\n<meta property=\"og:title\" content=\"Atraskite Naujas Business Central Galimybes!\u200b\" \/>\n<meta property=\"og:description\" content=\"M\u016bs\u0173 sprendimai yra pritaikyti prie J\u016bs\u0173 verslo poreiki\u0173, tod\u0117l galite b\u016bti tikri, jog investicij\u0173 gr\u0105\u017ea i\u0161augs, o klientai taps laimingesni!\" \/>\n<meta property=\"og:url\" content=\"https:\/\/arvydev.com\/lt\/apie-mus\/\" \/>\n<meta property=\"article:modified_time\" content=\"2024-02-03T19:21:08+00:00\" \/>\n<meta property=\"og:image\" content=\"https:\/\/arvydev.com\/wp-content\/uploads\/2024\/02\/Microsoft-Partner-Logo.webp\" \/>\n<meta name=\"twitter:card\" content=\"summary_large_image\" \/>\n<meta name=\"twitter:label1\" content=\"Est. reading time\" \/>\n\t<meta name=\"twitter:data1\" content=\"2 minut\u0117s\" \/>\n<script type=\"application\/ld+json\" class=\"yoast-schema-graph\">{\"@context\":\"https:\/\/schema.org\",\"@graph\":[{\"@type\":\"WebPage\",\"@id\":\"https:\/\/arvydev.com\/lt\/apie-mus\/\",\"url\":\"https:\/\/arvydev.com\/lt\/apie-mus\/\",\"name\":\"Atraskite Naujas Business Central Galimybes!\u200b\",\"isPartOf\":{\"@id\":\"https:\/\/arvydev.com\/#website\"},\"primaryImageOfPage\":{\"@id\":\"https:\/\/arvydev.com\/lt\/apie-mus\/#primaryimage\"},\"image\":{\"@id\":\"https:\/\/arvydev.com\/lt\/apie-mus\/#primaryimage\"},\"thumbnailUrl\":\"https:\/\/arvydev.com\/wp-content\/uploads\/2024\/02\/Microsoft-Partner-Logo.webp\",\"datePublished\":\"2018-08-27T09:15:55+00:00\",\"dateModified\":\"2024-02-03T19:21:08+00:00\",\"description\":\"M\u016bs\u0173 sprendimai yra pritaikyti prie J\u016bs\u0173 verslo poreiki\u0173, tod\u0117l galite b\u016bti tikri, jog investicij\u0173 gr\u0105\u017ea i\u0161augs, o klientai taps laimingesni!\",\"breadcrumb\":{\"@id\":\"https:\/\/arvydev.com\/lt\/apie-mus\/#breadcrumb\"},\"inLanguage\":\"lt-LT\",\"potentialAction\":[{\"@type\":\"ReadAction\",\"target\":[\"https:\/\/arvydev.com\/lt\/apie-mus\/\"]}]},{\"@type\":\"ImageObject\",\"inLanguage\":\"lt-LT\",\"@id\":\"https:\/\/arvydev.com\/lt\/apie-mus\/#primaryimage\",\"url\":\"https:\/\/arvydev.com\/wp-content\/uploads\/2024\/02\/Microsoft-Partner-Logo.webp\",\"contentUrl\":\"https:\/\/arvydev.com\/wp-content\/uploads\/2024\/02\/Microsoft-Partner-Logo.webp\"},{\"@type\":\"BreadcrumbList\",\"@id\":\"https:\/\/arvydev.com\/lt\/apie-mus\/#breadcrumb\",\"itemListElement\":[{\"@type\":\"ListItem\",\"position\":1,\"name\":\"Home\",\"item\":\"https:\/\/arvydev.com\/\"},{\"@type\":\"ListItem\",\"position\":2,\"name\":\"Apie Mus\"}]},{\"@type\":\"WebSite\",\"@id\":\"https:\/\/arvydev.com\/#website\",\"url\":\"https:\/\/arvydev.com\/\",\"name\":\"arvydev.com\",\"description\":\"Professional Dynamics NAV Business Central Development\",\"publisher\":{\"@id\":\"https:\/\/arvydev.com\/#organization\"},\"potentialAction\":[{\"@type\":\"SearchAction\",\"target\":{\"@type\":\"EntryPoint\",\"urlTemplate\":\"https:\/\/arvydev.com\/?s={search_term_string}\"},\"query-input\":\"required name=search_term_string\"}],\"inLanguage\":\"lt-LT\"},{\"@type\":\"Organization\",\"@id\":\"https:\/\/arvydev.com\/#organization\",\"name\":\"ArvyDev\",\"url\":\"https:\/\/arvydev.com\/\",\"logo\":{\"@type\":\"ImageObject\",\"inLanguage\":\"lt-LT\",\"@id\":\"https:\/\/arvydev.com\/#\/schema\/logo\/image\/\",\"url\":\"https:\/\/arvydev.com\/wp-content\/uploads\/2023\/01\/ADBlueCropped.png\",\"contentUrl\":\"https:\/\/arvydev.com\/wp-content\/uploads\/2023\/01\/ADBlueCropped.png\",\"width\":1555,\"height\":1312,\"caption\":\"ArvyDev\"},\"image\":{\"@id\":\"https:\/\/arvydev.com\/#\/schema\/logo\/image\/\"}}]}<\/script>\n<!-- \/ Yoast SEO plugin. -->","yoast_head_json":{"title":"Atraskite Naujas Business Central Galimybes!\u200b","description":"M\u016bs\u0173 sprendimai yra pritaikyti prie J\u016bs\u0173 verslo poreiki\u0173, tod\u0117l galite b\u016bti tikri, jog investicij\u0173 gr\u0105\u017ea i\u0161augs, o klientai taps laimingesni!","robots":{"index":"index","follow":"follow","max-snippet":"max-snippet:-1","max-image-preview":"max-image-preview:large","max-video-preview":"max-video-preview:-1"},"canonical":"https:\/\/arvydev.com\/lt\/apie-mus\/","og_locale":"lt_LT","og_type":"article","og_title":"Atraskite Naujas Business Central Galimybes!\u200b","og_description":"M\u016bs\u0173 sprendimai yra pritaikyti prie J\u016bs\u0173 verslo poreiki\u0173, tod\u0117l galite b\u016bti tikri, jog investicij\u0173 gr\u0105\u017ea i\u0161augs, o klientai taps laimingesni!","og_url":"https:\/\/arvydev.com\/lt\/apie-mus\/","article_modified_time":"2024-02-03T19:21:08+00:00","og_image":[{"url":"https:\/\/arvydev.com\/wp-content\/uploads\/2024\/02\/Microsoft-Partner-Logo.webp"}],"twitter_card":"summary_large_image","twitter_misc":{"Est. reading time":"2 minut\u0117s"},"schema":{"@context":"https:\/\/schema.org","@graph":[{"@type":"WebPage","@id":"https:\/\/arvydev.com\/lt\/apie-mus\/","url":"https:\/\/arvydev.com\/lt\/apie-mus\/","name":"Atraskite Naujas Business Central Galimybes!\u200b","isPartOf":{"@id":"https:\/\/arvydev.com\/#website"},"primaryImageOfPage":{"@id":"https:\/\/arvydev.com\/lt\/apie-mus\/#primaryimage"},"image":{"@id":"https:\/\/arvydev.com\/lt\/apie-mus\/#primaryimage"},"thumbnailUrl":"https:\/\/arvydev.com\/wp-content\/uploads\/2024\/02\/Microsoft-Partner-Logo.webp","datePublished":"2018-08-27T09:15:55+00:00","dateModified":"2024-02-03T19:21:08+00:00","description":"M\u016bs\u0173 sprendimai yra pritaikyti prie J\u016bs\u0173 verslo poreiki\u0173, tod\u0117l galite b\u016bti tikri, jog investicij\u0173 gr\u0105\u017ea i\u0161augs, o klientai taps laimingesni!","breadcrumb":{"@id":"https:\/\/arvydev.com\/lt\/apie-mus\/#breadcrumb"},"inLanguage":"lt-LT","potentialAction":[{"@type":"ReadAction","target":["https:\/\/arvydev.com\/lt\/apie-mus\/"]}]},{"@type":"ImageObject","inLanguage":"lt-LT","@id":"https:\/\/arvydev.com\/lt\/apie-mus\/#primaryimage","url":"https:\/\/arvydev.com\/wp-content\/uploads\/2024\/02\/Microsoft-Partner-Logo.webp","contentUrl":"https:\/\/arvydev.com\/wp-content\/uploads\/2024\/02\/Microsoft-Partner-Logo.webp"},{"@type":"BreadcrumbList","@id":"https:\/\/arvydev.com\/lt\/apie-mus\/#breadcrumb","itemListElement":[{"@type":"ListItem","position":1,"name":"Home","item":"https:\/\/arvydev.com\/"},{"@type":"ListItem","position":2,"name":"Apie Mus"}]},{"@type":"WebSite","@id":"https:\/\/arvydev.com\/#website","url":"https:\/\/arvydev.com\/","name":"arvydev.com","description":"Professional Dynamics NAV Business Central Development","publisher":{"@id":"https:\/\/arvydev.com\/#organization"},"potentialAction":[{"@type":"SearchAction","target":{"@type":"EntryPoint","urlTemplate":"https:\/\/arvydev.com\/?s={search_term_string}"},"query-input":"required name=search_term_string"}],"inLanguage":"lt-LT"},{"@type":"Organization","@id":"https:\/\/arvydev.com\/#organization","name":"ArvyDev","url":"https:\/\/arvydev.com\/","logo":{"@type":"ImageObject","inLanguage":"lt-LT","@id":"https:\/\/arvydev.com\/#\/schema\/logo\/image\/","url":"https:\/\/arvydev.com\/wp-content\/uploads\/2023\/01\/ADBlueCropped.png","contentUrl":"https:\/\/arvydev.com\/wp-content\/uploads\/2023\/01\/ADBlueCropped.png","width":1555,"height":1312,"caption":"ArvyDev"},"image":{"@id":"https:\/\/arvydev.com\/#\/schema\/logo\/image\/"}}]}},"_links":{"self":[{"href":"https:\/\/arvydev.com\/lt\/wp-json\/wp\/v2\/pages\/1245","targetHints":{"allow":["GET"]}}],"collection":[{"href":"https:\/\/arvydev.com\/lt\/wp-json\/wp\/v2\/pages"}],"about":[{"href":"https:\/\/arvydev.com\/lt\/wp-json\/wp\/v2\/types\/page"}],"author":[{"embeddable":true,"href":"https:\/\/arvydev.com\/lt\/wp-json\/wp\/v2\/users\/1"}],"replies":[{"embeddable":true,"href":"https:\/\/arvydev.com\/lt\/wp-json\/wp\/v2\/comments?post=1245"}],"version-history":[{"count":13,"href":"https:\/\/arvydev.com\/lt\/wp-json\/wp\/v2\/pages\/1245\/revisions"}],"predecessor-version":[{"id":1361,"href":"https:\/\/arvydev.com\/lt\/wp-json\/wp\/v2\/pages\/1245\/revisions\/1361"}],"wp:attachment":[{"href":"https:\/\/arvydev.com\/lt\/wp-json\/wp\/v2\/media?parent=1245"}],"curies":[{"name":"wp","href":"https:\/\/api.w.org\/{rel}","templated":true}]}}