{"id":1257,"date":"2018-08-27T12:17:23","date_gmt":"2018-08-27T09:17:23","guid":{"rendered":"https:\/\/arvydev.com\/ekspertas\/"},"modified":"2024-08-07T13:23:02","modified_gmt":"2024-08-07T10:23:02","slug":"ekspertas","status":"publish","type":"page","link":"https:\/\/arvydev.com\/lt\/ekspertas\/","title":{"rendered":"Ekspertas"},"content":{"rendered":"\t\t<div data-elementor-type=\"wp-post\" data-elementor-id=\"1257\" class=\"elementor elementor-1257 elementor-312\" data-elementor-post-type=\"page\">\n\t\t\t\t\t\t<section class=\"elementor-section elementor-top-section elementor-element elementor-element-c72c06a elementor-section-boxed elementor-section-height-default elementor-section-height-default\" data-id=\"c72c06a\" data-element_type=\"section\" data-settings=\"{&quot;background_background&quot;:&quot;classic&quot;}\">\n\t\t\t\t\t\t\t<div class=\"elementor-background-overlay\"><\/div>\n\t\t\t\t\t\t\t<div class=\"elementor-container elementor-column-gap-no\">\n\t\t\t\t\t<div class=\"elementor-column elementor-col-100 elementor-top-column elementor-element elementor-element-99d7f03\" data-id=\"99d7f03\" data-element_type=\"column\">\n\t\t\t<div class=\"elementor-widget-wrap elementor-element-populated\">\n\t\t\t\t\t\t<div class=\"elementor-element elementor-element-d6c16c0 elementor-widget elementor-widget-heading\" data-id=\"d6c16c0\" data-element_type=\"widget\" data-widget_type=\"heading.default\">\n\t\t\t\t<div class=\"elementor-widget-container\">\n\t\t\t\t\t<h5 class=\"elementor-heading-title elementor-size-default\">Sutikite<\/h5>\t\t\t\t<\/div>\n\t\t\t\t<\/div>\n\t\t\t\t<div class=\"elementor-element elementor-element-e4ee66b elementor-widget elementor-widget-heading\" data-id=\"e4ee66b\" data-element_type=\"widget\" data-widget_type=\"heading.default\">\n\t\t\t\t<div class=\"elementor-widget-container\">\n\t\t\t\t\t<h1 class=\"elementor-heading-title elementor-size-default\">Arvydas Asadauskas<\/h1>\t\t\t\t<\/div>\n\t\t\t\t<\/div>\n\t\t\t\t\t<\/div>\n\t\t<\/div>\n\t\t\t\t\t<\/div>\n\t\t<\/section>\n\t\t\t\t<section class=\"elementor-section elementor-top-section elementor-element elementor-element-689dd35 elementor-section-content-middle elementor-section-boxed elementor-section-height-default elementor-section-height-default\" data-id=\"689dd35\" data-element_type=\"section\" data-settings=\"{&quot;background_background&quot;:&quot;classic&quot;}\">\n\t\t\t\t\t\t<div class=\"elementor-container elementor-column-gap-no\">\n\t\t\t\t\t<div class=\"elementor-column elementor-col-50 elementor-top-column elementor-element elementor-element-e43ad80\" data-id=\"e43ad80\" data-element_type=\"column\">\n\t\t\t<div class=\"elementor-widget-wrap elementor-element-populated\">\n\t\t\t\t\t\t<div class=\"elementor-element elementor-element-e45ac2d elementor-widget elementor-widget-heading\" data-id=\"e45ac2d\" data-element_type=\"widget\" data-widget_type=\"heading.default\">\n\t\t\t\t<div class=\"elementor-widget-container\">\n\t\t\t\t\t<h5 class=\"elementor-heading-title elementor-size-default\">Profesionalus<\/h5>\t\t\t\t<\/div>\n\t\t\t\t<\/div>\n\t\t\t\t<div class=\"elementor-element elementor-element-32e2fb6 elementor-widget elementor-widget-heading\" data-id=\"32e2fb6\" data-element_type=\"widget\" data-widget_type=\"heading.default\">\n\t\t\t\t<div class=\"elementor-widget-container\">\n\t\t\t\t\t<h2 class=\"elementor-heading-title elementor-size-default\">Microsoft Dynamics 365 Business Central Programuotojas Ir Sprendim\u0173 Architektas<\/h2>\t\t\t\t<\/div>\n\t\t\t\t<\/div>\n\t\t\t\t<div class=\"elementor-element elementor-element-da89294 elementor-widget elementor-widget-text-editor\" data-id=\"da89294\" data-element_type=\"widget\" data-widget_type=\"text-editor.default\">\n\t\t\t\t<div class=\"elementor-widget-container\">\n\t\t\t\t\t\t\t\t\t<p><strong>Arvydas Asadauskas<\/strong> yra sertifikuotas \u201eMicrosoft Dynamics 365 Business Central\u201c programuotojas ir sprendim\u0173 architektas, turintis daugiau nei de\u0161imtmet\u012f \u201eMicrosoft Dynamics 365 Business Central\u201c, \u201eSaaS\u201c ir \u201eOn-Premise\u201c patirties. Patyr\u0119s profesionalas, \u017einomas d\u0117l novatori\u0161k\u0173 sprendim\u0173, \u012fskaitant kelis produktus ir program\u0117les, pasiekiamus \u201eAppSource\u201c. Techninis lyderis svarbiuose projektuose, \u012fskaitant Lietuvos lokalizacij\u0105 pritaikyt\u0105 Business Central. Puikiai i\u0161mano vis\u0173 NAV\/BC versij\u0173 atnaujinimus, technin\u012f ir duomen\u0173 perk\u0117lim\u0105 bei C\/AL konvertavim\u0105 \u012f AL. Sugeba integruoti Business Central su \u012fvairiomis sistemomis ir platformomis, skatinant technologij\u0173 pa\u017eang\u0105 ir automatizavim\u0105.<\/p><p><strong>Pagrindiniai karjeros akcentai:<\/strong><br \/>\u276f \u201e<strong>ArvyDev<\/strong>\u201c: vadovauja novatori\u0161kiems Business Central diegimams, k\u016bria naujovi\u0161kus atnaujinimo \u012frankius ir u\u017emezg\u0117 strategin\u0119 partneryst\u0119 su \u201eMicrosoft\u201c, \u017eymiai padidindamas projekt\u0173 galimybes ir padidindamas klient\u0173 pasitenkinim\u0105 bei i\u0161laikym\u0105.<br \/>\u276f <strong>Suprojektuoti ir sukurti sprendimai<\/strong>: pagrindinis architektas ir k\u016br\u0117jas keli\u0173 Microsoft Dynamics 365 Business Central produkt\u0173 ir pried\u0173, pasiekiam\u0173 AppSource, \u012fskaitant saug\u0173 licencijavimo modul\u012f, pakartotin\u0117s nuomos modul\u012f, darbo modul\u012f ir integracij\u0105 su tokiomis platformomis kaip Scrive.<br \/>\u276f <strong>Technin\u0117 lyderyst\u0117 \u012fmon\u0117je \u201eAlna Business Solutions\u201c<\/strong>: vadovavo techninei komandai, prisidedant prie \u201eMicrosoft Dynamics 365 Business Central\u201c Lietuvos lokalizavimo projekto, gerinant regionin\u012f sprendimo atitikt\u012f ir funkcionalum\u0105.<br \/>\u276f <strong>\u201eAppSource\u201c pasiekimai \u201eArmada Dynamics\u201c<\/strong>: s\u0117kmingai pristatytas didelio masto sprendimas su beveik 3 000 objekt\u0173 \u012f \u201eAppSource\u201c, pertvarkytas ir pa\u0161alintas daugiau nei 60 000 klaid\u0173, kad atitikt\u0173 geriausius verslo standartus ir programavimo praktikas.<br \/>\u276f <strong>Atnaujinimo ir perk\u0117limo patirtis<\/strong>: \u012frodyta sud\u0117ting\u0173 versij\u0173 atnaujinim\u0173 ir duomen\u0173 perk\u0117limo patirtis, \u012fskaitant per\u0117jim\u0105 i\u0161 C\/AL \u012f AL ir duomen\u0173 perk\u0117lim\u0105 \u012fvairiose Dynamics NAV ir Business Central versijose.<br \/>\u276f <strong>Integracijos ir debes\u0173 sprendimai<\/strong>: didel\u0117 patirtis integruojant Business Central su debesijos paslaugomis ir tre\u010di\u0173j\u0173 \u0161ali\u0173 platformomis, tokiomis kaip Azure Functions, SharePoint, Google Drive, AWS ir daugybe finansini\u0173 ir CRM sistem\u0173.<br \/>\u276f <strong>Inovacijos ir automatizavimas:<\/strong> \u017einomas d\u0117l nauj\u0173 technologij\u0173 \u012fsisavinimo ir automatizavimo strategij\u0173 diegimo, siekiant padidinti efektyvum\u0105 ir racionalizuoti procesus.<\/p>\t\t\t\t\t\t\t\t<\/div>\n\t\t\t\t<\/div>\n\t\t\t\t<div class=\"elementor-element elementor-element-2274373 elementor-widget elementor-widget-heading\" data-id=\"2274373\" data-element_type=\"widget\" data-widget_type=\"heading.default\">\n\t\t\t\t<div class=\"elementor-widget-container\">\n\t\t\t\t\t<h5 class=\"elementor-heading-title elementor-size-default\">Susisiekite<\/h5>\t\t\t\t<\/div>\n\t\t\t\t<\/div>\n\t\t\t\t<div class=\"elementor-element elementor-element-5b77f7c elementor-shape-circle e-grid-align-left elementor-grid-0 elementor-widget elementor-widget-social-icons\" data-id=\"5b77f7c\" data-element_type=\"widget\" data-widget_type=\"social-icons.default\">\n\t\t\t\t<div class=\"elementor-widget-container\">\n\t\t\t\t\t\t\t<div class=\"elementor-social-icons-wrapper elementor-grid\" role=\"list\">\n\t\t\t\t\t\t\t<span class=\"elementor-grid-item\" role=\"listitem\">\n\t\t\t\t\t<a class=\"elementor-icon elementor-social-icon elementor-social-icon-linkedin-in elementor-animation-grow elementor-repeater-item-8b797cd\" href=\"https:\/\/www.linkedin.com\/in\/arvydas-asadauskas-86106a4b\/\">\n\t\t\t\t\t\t<span class=\"elementor-screen-only\">Linkedin-in<\/span>\n\t\t\t\t\t\t<i class=\"fab fa-linkedin-in\"><\/i>\t\t\t\t\t<\/a>\n\t\t\t\t<\/span>\n\t\t\t\t\t\t\t<span class=\"elementor-grid-item\" role=\"listitem\">\n\t\t\t\t\t<a class=\"elementor-icon elementor-social-icon elementor-social-icon-envelope elementor-animation-grow elementor-repeater-item-aeb8307\" href=\"mailto:arvydas@arvydev.com\">\n\t\t\t\t\t\t<span class=\"elementor-screen-only\">Envelope<\/span>\n\t\t\t\t\t\t<i class=\"fas fa-envelope\"><\/i>\t\t\t\t\t<\/a>\n\t\t\t\t<\/span>\n\t\t\t\t\t<\/div>\n\t\t\t\t\t\t<\/div>\n\t\t\t\t<\/div>\n\t\t\t\t\t<\/div>\n\t\t<\/div>\n\t\t\t\t<div class=\"elementor-column elementor-col-50 elementor-top-column elementor-element elementor-element-e4823b8\" data-id=\"e4823b8\" data-element_type=\"column\">\n\t\t\t<div class=\"elementor-widget-wrap elementor-element-populated\">\n\t\t\t\t\t\t<div class=\"elementor-element elementor-element-4439697 elementor-invisible elementor-widget elementor-widget-image\" data-id=\"4439697\" data-element_type=\"widget\" data-settings=\"{&quot;_animation&quot;:&quot;pulse&quot;}\" data-widget_type=\"image.default\">\n\t\t\t\t<div class=\"elementor-widget-container\">\n\t\t\t\t\t\t\t\t\t\t\t\t\t\t\t\t<a href=\"https:\/\/www.linkedin.com\/in\/arvydas-asadauskas-86106a4b\/\">\n\t\t\t\t\t\t\t<img fetchpriority=\"high\" decoding=\"async\" width=\"1024\" height=\"683\" src=\"https:\/\/arvydev.com\/wp-content\/uploads\/2023\/01\/Arvy-1024x683.png\" class=\"elementor-animation-grow attachment-large size-large wp-image-1096\" alt=\"Arvydas Asadauskas\" srcset=\"https:\/\/arvydev.com\/wp-content\/uploads\/2023\/01\/Arvy-1024x683.png 1024w, https:\/\/arvydev.com\/wp-content\/uploads\/2023\/01\/Arvy-300x200.png 300w, https:\/\/arvydev.com\/wp-content\/uploads\/2023\/01\/Arvy-768x512.png 768w, https:\/\/arvydev.com\/wp-content\/uploads\/2023\/01\/Arvy-1536x1024.png 1536w, https:\/\/arvydev.com\/wp-content\/uploads\/2023\/01\/Arvy-2048x1365.png 2048w\" sizes=\"(max-width: 1024px) 100vw, 1024px\" \/>\t\t\t\t\t\t\t\t<\/a>\n\t\t\t\t\t\t\t\t\t\t\t\t\t\t\t<\/div>\n\t\t\t\t<\/div>\n\t\t\t\t\t<\/div>\n\t\t<\/div>\n\t\t\t\t\t<\/div>\n\t\t<\/section>\n\t\t\t\t<section class=\"elementor-section elementor-top-section elementor-element elementor-element-cb2509f elementor-section-content-middle elementor-section-boxed elementor-section-height-default elementor-section-height-default\" data-id=\"cb2509f\" data-element_type=\"section\" data-settings=\"{&quot;background_background&quot;:&quot;classic&quot;}\">\n\t\t\t\t\t\t\t<div class=\"elementor-background-overlay\"><\/div>\n\t\t\t\t\t\t\t<div class=\"elementor-container elementor-column-gap-no\">\n\t\t\t\t\t<div class=\"elementor-column elementor-col-50 elementor-top-column elementor-element elementor-element-4c1260b\" data-id=\"4c1260b\" data-element_type=\"column\">\n\t\t\t<div class=\"elementor-widget-wrap elementor-element-populated\">\n\t\t\t\t\t\t<div class=\"elementor-element elementor-element-cecf969 elementor-widget elementor-widget-heading\" data-id=\"cecf969\" data-element_type=\"widget\" data-widget_type=\"heading.default\">\n\t\t\t\t<div class=\"elementor-widget-container\">\n\t\t\t\t\t<h5 class=\"elementor-heading-title elementor-size-default\">Nemokamas Vertinimas<\/h5>\t\t\t\t<\/div>\n\t\t\t\t<\/div>\n\t\t\t\t<div class=\"elementor-element elementor-element-67f1efc elementor-widget elementor-widget-heading\" data-id=\"67f1efc\" data-element_type=\"widget\" data-widget_type=\"heading.default\">\n\t\t\t\t<div class=\"elementor-widget-container\">\n\t\t\t\t\t<h2 class=\"elementor-heading-title elementor-size-default\">U\u017esisakykite Komercin\u012f Pasi\u016blym\u0105 Jau Dabar!<\/h2>\t\t\t\t<\/div>\n\t\t\t\t<\/div>\n\t\t\t\t<div class=\"elementor-element elementor-element-23f1031 elementor-widget elementor-widget-text-editor\" data-id=\"23f1031\" data-element_type=\"widget\" data-widget_type=\"text-editor.default\">\n\t\t\t\t<div class=\"elementor-widget-container\">\n\t\t\t\t\t\t\t\t\t<p>Pagal savo poreikius pasitelkite \u201eBusiness Central\u201c ir suma\u017einkite savo i\u0161laidas, pagerinkite savo verslo veiklos efektyvum\u0105 ir produktyvum\u0105.<\/p>\n\t\t\t\t\t\t\t\t<\/div>\n\t\t\t\t<\/div>\n\t\t\t\t\t<\/div>\n\t\t<\/div>\n\t\t\t\t<div class=\"elementor-column elementor-col-50 elementor-top-column elementor-element elementor-element-c9616d1\" data-id=\"c9616d1\" data-element_type=\"column\">\n\t\t\t<div class=\"elementor-widget-wrap elementor-element-populated\">\n\t\t\t\t\t\t<div class=\"elementor-element elementor-element-a306e69 elementor-align-right elementor-mobile-align-center elementor-widget elementor-widget-button\" data-id=\"a306e69\" data-element_type=\"widget\" data-widget_type=\"button.default\">\n\t\t\t\t<div class=\"elementor-widget-container\">\n\t\t\t\t\t\t\t\t\t<div class=\"elementor-button-wrapper\">\n\t\t\t\t\t<a class=\"elementor-button elementor-button-link elementor-size-md elementor-animation-grow\" href=\"https:\/\/arvydev.com\/lt\/kontaktai\/#wpforms-form-11\">\n\t\t\t\t\t\t<span class=\"elementor-button-content-wrapper\">\n\t\t\t\t\t\t\t\t\t<span class=\"elementor-button-text\">Gaukite Pasi\u016blym\u0105<\/span>\n\t\t\t\t\t<\/span>\n\t\t\t\t\t<\/a>\n\t\t\t\t<\/div>\n\t\t\t\t\t\t\t\t<\/div>\n\t\t\t\t<\/div>\n\t\t\t\t\t<\/div>\n\t\t<\/div>\n\t\t\t\t\t<\/div>\n\t\t<\/section>\n\t\t\t\t<\/div>\n\t\t","protected":false},"excerpt":{"rendered":"<p>Sutikite Arvydas Asadauskas Profesionalus Microsoft Dynamics 365 Business Central Programuotojas Ir Sprendim\u0173 Architektas Arvydas Asadauskas yra sertifikuotas \u201eMicrosoft Dynamics 365 Business Central\u201c programuotojas ir sprendim\u0173 architektas, turintis daugiau nei de\u0161imtmet\u012f \u201eMicrosoft Dynamics 365 Business Central\u201c, \u201eSaaS\u201c ir \u201eOn-Premise\u201c patirties. Patyr\u0119s profesionalas, \u017einomas d\u0117l novatori\u0161k\u0173 sprendim\u0173, \u012fskaitant kelis produktus ir program\u0117les, pasiekiamus \u201eAppSource\u201c. Techninis lyderis svarbiuose &hellip;<\/p>\n<p class=\"read-more\"> <a class=\"\" href=\"https:\/\/arvydev.com\/lt\/ekspertas\/\"> <span class=\"screen-reader-text\">Ekspertas<\/span> Skaityti daugiau &raquo;<\/a><\/p>\n","protected":false},"author":1,"featured_media":0,"parent":0,"menu_order":0,"comment_status":"closed","ping_status":"closed","template":"","meta":{"_monsterinsights_skip_tracking":false,"_monsterinsights_sitenote_active":false,"_monsterinsights_sitenote_note":"","_monsterinsights_sitenote_category":0,"site-sidebar-layout":"default","site-content-layout":"page-builder","ast-global-header-display":"","ast-main-header-display":"","ast-hfb-above-header-display":"","ast-hfb-below-header-display":"","ast-hfb-mobile-header-display":"","site-post-title":"disabled","ast-breadcrumbs-content":"","ast-featured-img":"disabled","footer-sml-layout":"","theme-transparent-header-meta":"enabled","adv-header-id-meta":"","stick-header-meta":"","header-above-stick-meta":"","header-main-stick-meta":"","header-below-stick-meta":"","footnotes":""},"class_list":["post-1257","page","type-page","status-publish","hentry"],"yoast_head":"<!-- This site is optimized with the Yoast SEO plugin v22.5 - https:\/\/yoast.com\/wordpress\/plugins\/seo\/ -->\n<title>Arvydas Asadauskas - Programuotojas Ir Sprendim\u0173 Architektas<\/title>\n<meta name=\"description\" content=\"Dynamics NAV \/ Business Central ekspertas, kuriam tai ne tik profesija, bet ir raktas, leid\u0119s atrakinti naujas klient\u0173 verslo galimybes.\" \/>\n<meta name=\"robots\" content=\"index, follow, max-snippet:-1, max-image-preview:large, max-video-preview:-1\" \/>\n<link rel=\"canonical\" href=\"https:\/\/arvydev.com\/lt\/ekspertas\/\" \/>\n<meta property=\"og:locale\" content=\"lt_LT\" \/>\n<meta property=\"og:type\" content=\"article\" \/>\n<meta property=\"og:title\" content=\"Arvydas Asadauskas - Programuotojas Ir Sprendim\u0173 Architektas\" \/>\n<meta property=\"og:description\" content=\"Dynamics NAV \/ Business Central ekspertas, kuriam tai ne tik profesija, bet ir raktas, leid\u0119s atrakinti naujas klient\u0173 verslo galimybes.\" \/>\n<meta property=\"og:url\" content=\"https:\/\/arvydev.com\/lt\/ekspertas\/\" \/>\n<meta property=\"article:modified_time\" content=\"2024-08-07T10:23:02+00:00\" \/>\n<meta property=\"og:image\" content=\"https:\/\/arvydev.com\/wp-content\/uploads\/2023\/01\/Arvy-1024x683.png\" \/>\n<meta name=\"twitter:card\" content=\"summary_large_image\" \/>\n<meta name=\"twitter:label1\" content=\"Est. reading time\" \/>\n\t<meta name=\"twitter:data1\" content=\"2 minut\u0117s\" \/>\n<script type=\"application\/ld+json\" class=\"yoast-schema-graph\">{\"@context\":\"https:\/\/schema.org\",\"@graph\":[{\"@type\":\"WebPage\",\"@id\":\"https:\/\/arvydev.com\/lt\/ekspertas\/\",\"url\":\"https:\/\/arvydev.com\/lt\/ekspertas\/\",\"name\":\"Arvydas Asadauskas - Programuotojas Ir Sprendim\u0173 Architektas\",\"isPartOf\":{\"@id\":\"https:\/\/arvydev.com\/#website\"},\"primaryImageOfPage\":{\"@id\":\"https:\/\/arvydev.com\/lt\/ekspertas\/#primaryimage\"},\"image\":{\"@id\":\"https:\/\/arvydev.com\/lt\/ekspertas\/#primaryimage\"},\"thumbnailUrl\":\"https:\/\/arvydev.com\/wp-content\/uploads\/2023\/01\/Arvy-1024x683.png\",\"datePublished\":\"2018-08-27T09:17:23+00:00\",\"dateModified\":\"2024-08-07T10:23:02+00:00\",\"description\":\"Dynamics NAV \/ Business Central ekspertas, kuriam tai ne tik profesija, bet ir raktas, leid\u0119s atrakinti naujas klient\u0173 verslo galimybes.\",\"breadcrumb\":{\"@id\":\"https:\/\/arvydev.com\/lt\/ekspertas\/#breadcrumb\"},\"inLanguage\":\"lt-LT\",\"potentialAction\":[{\"@type\":\"ReadAction\",\"target\":[\"https:\/\/arvydev.com\/lt\/ekspertas\/\"]}]},{\"@type\":\"ImageObject\",\"inLanguage\":\"lt-LT\",\"@id\":\"https:\/\/arvydev.com\/lt\/ekspertas\/#primaryimage\",\"url\":\"https:\/\/arvydev.com\/wp-content\/uploads\/2023\/01\/Arvy-1024x683.png\",\"contentUrl\":\"https:\/\/arvydev.com\/wp-content\/uploads\/2023\/01\/Arvy-1024x683.png\"},{\"@type\":\"BreadcrumbList\",\"@id\":\"https:\/\/arvydev.com\/lt\/ekspertas\/#breadcrumb\",\"itemListElement\":[{\"@type\":\"ListItem\",\"position\":1,\"name\":\"Home\",\"item\":\"https:\/\/arvydev.com\/\"},{\"@type\":\"ListItem\",\"position\":2,\"name\":\"Ekspertas\"}]},{\"@type\":\"WebSite\",\"@id\":\"https:\/\/arvydev.com\/#website\",\"url\":\"https:\/\/arvydev.com\/\",\"name\":\"arvydev.com\",\"description\":\"Professional Dynamics NAV Business Central Development\",\"publisher\":{\"@id\":\"https:\/\/arvydev.com\/#organization\"},\"potentialAction\":[{\"@type\":\"SearchAction\",\"target\":{\"@type\":\"EntryPoint\",\"urlTemplate\":\"https:\/\/arvydev.com\/?s={search_term_string}\"},\"query-input\":\"required name=search_term_string\"}],\"inLanguage\":\"lt-LT\"},{\"@type\":\"Organization\",\"@id\":\"https:\/\/arvydev.com\/#organization\",\"name\":\"ArvyDev\",\"url\":\"https:\/\/arvydev.com\/\",\"logo\":{\"@type\":\"ImageObject\",\"inLanguage\":\"lt-LT\",\"@id\":\"https:\/\/arvydev.com\/#\/schema\/logo\/image\/\",\"url\":\"https:\/\/arvydev.com\/wp-content\/uploads\/2023\/01\/ADBlueCropped.png\",\"contentUrl\":\"https:\/\/arvydev.com\/wp-content\/uploads\/2023\/01\/ADBlueCropped.png\",\"width\":1555,\"height\":1312,\"caption\":\"ArvyDev\"},\"image\":{\"@id\":\"https:\/\/arvydev.com\/#\/schema\/logo\/image\/\"}}]}<\/script>\n<!-- \/ Yoast SEO plugin. -->","yoast_head_json":{"title":"Arvydas Asadauskas - Programuotojas Ir Sprendim\u0173 Architektas","description":"Dynamics NAV \/ Business Central ekspertas, kuriam tai ne tik profesija, bet ir raktas, leid\u0119s atrakinti naujas klient\u0173 verslo galimybes.","robots":{"index":"index","follow":"follow","max-snippet":"max-snippet:-1","max-image-preview":"max-image-preview:large","max-video-preview":"max-video-preview:-1"},"canonical":"https:\/\/arvydev.com\/lt\/ekspertas\/","og_locale":"lt_LT","og_type":"article","og_title":"Arvydas Asadauskas - Programuotojas Ir Sprendim\u0173 Architektas","og_description":"Dynamics NAV \/ Business Central ekspertas, kuriam tai ne tik profesija, bet ir raktas, leid\u0119s atrakinti naujas klient\u0173 verslo galimybes.","og_url":"https:\/\/arvydev.com\/lt\/ekspertas\/","article_modified_time":"2024-08-07T10:23:02+00:00","og_image":[{"url":"https:\/\/arvydev.com\/wp-content\/uploads\/2023\/01\/Arvy-1024x683.png"}],"twitter_card":"summary_large_image","twitter_misc":{"Est. reading time":"2 minut\u0117s"},"schema":{"@context":"https:\/\/schema.org","@graph":[{"@type":"WebPage","@id":"https:\/\/arvydev.com\/lt\/ekspertas\/","url":"https:\/\/arvydev.com\/lt\/ekspertas\/","name":"Arvydas Asadauskas - Programuotojas Ir Sprendim\u0173 Architektas","isPartOf":{"@id":"https:\/\/arvydev.com\/#website"},"primaryImageOfPage":{"@id":"https:\/\/arvydev.com\/lt\/ekspertas\/#primaryimage"},"image":{"@id":"https:\/\/arvydev.com\/lt\/ekspertas\/#primaryimage"},"thumbnailUrl":"https:\/\/arvydev.com\/wp-content\/uploads\/2023\/01\/Arvy-1024x683.png","datePublished":"2018-08-27T09:17:23+00:00","dateModified":"2024-08-07T10:23:02+00:00","description":"Dynamics NAV \/ Business Central ekspertas, kuriam tai ne tik profesija, bet ir raktas, leid\u0119s atrakinti naujas klient\u0173 verslo galimybes.","breadcrumb":{"@id":"https:\/\/arvydev.com\/lt\/ekspertas\/#breadcrumb"},"inLanguage":"lt-LT","potentialAction":[{"@type":"ReadAction","target":["https:\/\/arvydev.com\/lt\/ekspertas\/"]}]},{"@type":"ImageObject","inLanguage":"lt-LT","@id":"https:\/\/arvydev.com\/lt\/ekspertas\/#primaryimage","url":"https:\/\/arvydev.com\/wp-content\/uploads\/2023\/01\/Arvy-1024x683.png","contentUrl":"https:\/\/arvydev.com\/wp-content\/uploads\/2023\/01\/Arvy-1024x683.png"},{"@type":"BreadcrumbList","@id":"https:\/\/arvydev.com\/lt\/ekspertas\/#breadcrumb","itemListElement":[{"@type":"ListItem","position":1,"name":"Home","item":"https:\/\/arvydev.com\/"},{"@type":"ListItem","position":2,"name":"Ekspertas"}]},{"@type":"WebSite","@id":"https:\/\/arvydev.com\/#website","url":"https:\/\/arvydev.com\/","name":"arvydev.com","description":"Professional Dynamics NAV Business Central Development","publisher":{"@id":"https:\/\/arvydev.com\/#organization"},"potentialAction":[{"@type":"SearchAction","target":{"@type":"EntryPoint","urlTemplate":"https:\/\/arvydev.com\/?s={search_term_string}"},"query-input":"required name=search_term_string"}],"inLanguage":"lt-LT"},{"@type":"Organization","@id":"https:\/\/arvydev.com\/#organization","name":"ArvyDev","url":"https:\/\/arvydev.com\/","logo":{"@type":"ImageObject","inLanguage":"lt-LT","@id":"https:\/\/arvydev.com\/#\/schema\/logo\/image\/","url":"https:\/\/arvydev.com\/wp-content\/uploads\/2023\/01\/ADBlueCropped.png","contentUrl":"https:\/\/arvydev.com\/wp-content\/uploads\/2023\/01\/ADBlueCropped.png","width":1555,"height":1312,"caption":"ArvyDev"},"image":{"@id":"https:\/\/arvydev.com\/#\/schema\/logo\/image\/"}}]}},"_links":{"self":[{"href":"https:\/\/arvydev.com\/lt\/wp-json\/wp\/v2\/pages\/1257","targetHints":{"allow":["GET"]}}],"collection":[{"href":"https:\/\/arvydev.com\/lt\/wp-json\/wp\/v2\/pages"}],"about":[{"href":"https:\/\/arvydev.com\/lt\/wp-json\/wp\/v2\/types\/page"}],"author":[{"embeddable":true,"href":"https:\/\/arvydev.com\/lt\/wp-json\/wp\/v2\/users\/1"}],"replies":[{"embeddable":true,"href":"https:\/\/arvydev.com\/lt\/wp-json\/wp\/v2\/comments?post=1257"}],"version-history":[{"count":13,"href":"https:\/\/arvydev.com\/lt\/wp-json\/wp\/v2\/pages\/1257\/revisions"}],"predecessor-version":[{"id":1641,"href":"https:\/\/arvydev.com\/lt\/wp-json\/wp\/v2\/pages\/1257\/revisions\/1641"}],"wp:attachment":[{"href":"https:\/\/arvydev.com\/lt\/wp-json\/wp\/v2\/media?parent=1257"}],"curies":[{"name":"wp","href":"https:\/\/api.w.org\/{rel}","templated":true}]}}