{"id":1262,"date":"2023-01-21T17:52:01","date_gmt":"2023-01-21T15:52:01","guid":{"rendered":"https:\/\/arvydev.com\/1262-2\/"},"modified":"2024-01-31T15:32:05","modified_gmt":"2024-01-31T13:32:05","slug":"1262-2","status":"publish","type":"page","link":"https:\/\/arvydev.com\/lt\/1262-2\/","title":{"rendered":""},"content":{"rendered":"\t\t<div data-elementor-type=\"wp-page\" data-elementor-id=\"1262\" class=\"elementor elementor-1262 elementor-965\" data-elementor-post-type=\"page\">\n\t\t\t\t\t\t<section class=\"elementor-section elementor-top-section elementor-element elementor-element-51b2b2b2 elementor-section-boxed elementor-section-height-default elementor-section-height-default\" data-id=\"51b2b2b2\" data-element_type=\"section\" data-settings=\"{&quot;background_background&quot;:&quot;classic&quot;}\">\n\t\t\t\t\t\t\t<div class=\"elementor-background-overlay\"><\/div>\n\t\t\t\t\t\t\t<div class=\"elementor-container elementor-column-gap-no\">\n\t\t\t\t\t<div class=\"elementor-column elementor-col-100 elementor-top-column elementor-element elementor-element-5f7d6591\" data-id=\"5f7d6591\" data-element_type=\"column\">\n\t\t\t<div class=\"elementor-widget-wrap elementor-element-populated\">\n\t\t\t\t\t\t<div class=\"elementor-element elementor-element-673b4f9 elementor-widget elementor-widget-heading\" data-id=\"673b4f9\" data-element_type=\"widget\" data-widget_type=\"heading.default\">\n\t\t\t\t<div class=\"elementor-widget-container\">\n\t\t\t\t\t<h1 class=\"elementor-heading-title elementor-size-default\">Dynamics 365 Business Central<\/h1>\t\t\t\t<\/div>\n\t\t\t\t<\/div>\n\t\t\t\t\t<\/div>\n\t\t<\/div>\n\t\t\t\t\t<\/div>\n\t\t<\/section>\n\t\t\t\t<section class=\"elementor-section elementor-top-section elementor-element elementor-element-6ee37bce elementor-section-content-middle elementor-section-boxed elementor-section-height-default elementor-section-height-default\" data-id=\"6ee37bce\" data-element_type=\"section\" data-settings=\"{&quot;background_background&quot;:&quot;classic&quot;}\">\n\t\t\t\t\t\t<div class=\"elementor-container elementor-column-gap-no\">\n\t\t\t\t\t<div class=\"elementor-column elementor-col-50 elementor-top-column elementor-element elementor-element-6c4394f6\" data-id=\"6c4394f6\" data-element_type=\"column\">\n\t\t\t<div class=\"elementor-widget-wrap elementor-element-populated\">\n\t\t\t\t\t\t<div class=\"elementor-element elementor-element-4863e6b8 elementor-widget elementor-widget-text-editor\" data-id=\"4863e6b8\" data-element_type=\"widget\" data-widget_type=\"text-editor.default\">\n\t\t\t\t<div class=\"elementor-widget-container\">\n\t\t\t\t\t\t\t\t\t<p><strong>Microsoft Dynamics 365 Business Central<\/strong> is a cloud-based, all-in-one business management solution that helps small and midsize businesses streamline processes, improve customer interactions, and make better decisions. It combines powerful ERP functionality including financials, inventory, sales, and customer service, with intelligent AI capabilities, to provide users with an integrated and comprehensive business system. Business Central also offers an intuitive, mobile-friendly interface and is integrated with Microsoft Office 365, providing users with an easy-to-use and familiar experience.<\/p>\n\t\t\t\t\t\t\t\t<\/div>\n\t\t\t\t<\/div>\n\t\t\t\t<div class=\"elementor-element elementor-element-cd3bac5 elementor-widget elementor-widget-text-editor\" data-id=\"cd3bac5\" data-element_type=\"widget\" data-widget_type=\"text-editor.default\">\n\t\t\t\t<div class=\"elementor-widget-container\">\n\t\t\t\t\t\t\t\t\t<ol>\n<li><strong>Streamlined Operations:<\/strong> Dynamics 365 Business Central provides a comprehensive set of features that enable businesses to automate and streamline their operations. This helps to save time and resources, resulting in increased efficiency.<\/li>\n<li><strong>Improved Visibility:<\/strong> The solution provides businesses with better visibility into their operations. This allows them to gain insights into customer relationships, sales trends, and inventory levels, which can help to improve decision-making.<\/li>\n<li><strong>Unified Data:<\/strong> Business Central is built on the Microsoft Dynamics 365 platform, meaning it is compatible with other Dynamics 365 applications. This allows businesses to easily integrate their data and improve the flow of information between departments.<\/li>\n<li><strong>Scalability:<\/strong> Business Central is a cloud-based solution, meaning it can easily be scaled up or down to meet changing business needs. This allows businesses to quickly and easily add or remove users as needed.<\/li>\n<\/ol>\n\t\t\t\t\t\t\t\t<\/div>\n\t\t\t\t<\/div>\n\t\t\t\t\t<\/div>\n\t\t<\/div>\n\t\t\t\t<div class=\"elementor-column elementor-col-50 elementor-top-column elementor-element elementor-element-59310b21\" data-id=\"59310b21\" data-element_type=\"column\" data-settings=\"{&quot;background_background&quot;:&quot;classic&quot;}\">\n\t\t\t<div class=\"elementor-widget-wrap elementor-element-populated\">\n\t\t\t\t\t\t<div class=\"elementor-element elementor-element-2a5657f6 elementor-widget elementor-widget-image\" data-id=\"2a5657f6\" data-element_type=\"widget\" data-widget_type=\"image.default\">\n\t\t\t\t<div class=\"elementor-widget-container\">\n\t\t\t\t\t\t\t\t\t\t\t\t\t\t\t<img fetchpriority=\"high\" decoding=\"async\" width=\"550\" height=\"427\" src=\"https:\/\/arvydev.com\/wp-content\/uploads\/2022\/11\/microsoft-dynamics-365-business-central-1.png\" class=\"attachment-full size-full wp-image-395\" alt=\"Business Central\" srcset=\"https:\/\/arvydev.com\/wp-content\/uploads\/2022\/11\/microsoft-dynamics-365-business-central-1.png 550w, https:\/\/arvydev.com\/wp-content\/uploads\/2022\/11\/microsoft-dynamics-365-business-central-1-300x233.png 300w\" sizes=\"(max-width: 550px) 100vw, 550px\" \/>\t\t\t\t\t\t\t\t\t\t\t\t\t\t\t<\/div>\n\t\t\t\t<\/div>\n\t\t\t\t\t<\/div>\n\t\t<\/div>\n\t\t\t\t\t<\/div>\n\t\t<\/section>\n\t\t\t\t<section class=\"elementor-section elementor-top-section elementor-element elementor-element-4b2879cf elementor-section-content-middle elementor-section-boxed elementor-section-height-default elementor-section-height-default\" data-id=\"4b2879cf\" data-element_type=\"section\" data-settings=\"{&quot;background_background&quot;:&quot;classic&quot;}\">\n\t\t\t\t\t\t\t<div class=\"elementor-background-overlay\"><\/div>\n\t\t\t\t\t\t\t<div class=\"elementor-container elementor-column-gap-no\">\n\t\t\t\t\t<div class=\"elementor-column elementor-col-50 elementor-top-column elementor-element elementor-element-6b8180a2\" data-id=\"6b8180a2\" data-element_type=\"column\">\n\t\t\t<div class=\"elementor-widget-wrap elementor-element-populated\">\n\t\t\t\t\t\t<div class=\"elementor-element elementor-element-531217ed elementor-widget elementor-widget-heading\" data-id=\"531217ed\" data-element_type=\"widget\" data-widget_type=\"heading.default\">\n\t\t\t\t<div class=\"elementor-widget-container\">\n\t\t\t\t\t<h5 class=\"elementor-heading-title elementor-size-default\">Nemokamas Vertinimas<\/h5>\t\t\t\t<\/div>\n\t\t\t\t<\/div>\n\t\t\t\t<div class=\"elementor-element elementor-element-9943294 elementor-widget elementor-widget-heading\" data-id=\"9943294\" data-element_type=\"widget\" data-widget_type=\"heading.default\">\n\t\t\t\t<div class=\"elementor-widget-container\">\n\t\t\t\t\t<h2 class=\"elementor-heading-title elementor-size-default\">U\u017esisakykite Komercin\u012f Pasi\u016blym\u0105 Jau Dabar!<\/h2>\t\t\t\t<\/div>\n\t\t\t\t<\/div>\n\t\t\t\t<div class=\"elementor-element elementor-element-51d32516 elementor-widget elementor-widget-text-editor\" data-id=\"51d32516\" data-element_type=\"widget\" data-widget_type=\"text-editor.default\">\n\t\t\t\t<div class=\"elementor-widget-container\">\n\t\t\t\t\t\t\t\t\t<p>Pagal savo poreikius pasitelkite \u201eBusiness Central\u201c ir suma\u017einkite savo i\u0161laidas, pagerinkite savo verslo veiklos efektyvum\u0105 ir produktyvum\u0105.<\/p>\n\t\t\t\t\t\t\t\t<\/div>\n\t\t\t\t<\/div>\n\t\t\t\t\t<\/div>\n\t\t<\/div>\n\t\t\t\t<div class=\"elementor-column elementor-col-50 elementor-top-column elementor-element elementor-element-3fd8335f\" data-id=\"3fd8335f\" data-element_type=\"column\">\n\t\t\t<div class=\"elementor-widget-wrap elementor-element-populated\">\n\t\t\t\t\t\t<div class=\"elementor-element elementor-element-1e9995fb elementor-align-right elementor-mobile-align-center elementor-widget elementor-widget-button\" data-id=\"1e9995fb\" data-element_type=\"widget\" data-widget_type=\"button.default\">\n\t\t\t\t<div class=\"elementor-widget-container\">\n\t\t\t\t\t\t\t\t\t<div class=\"elementor-button-wrapper\">\n\t\t\t\t\t<a class=\"elementor-button elementor-button-link elementor-size-md\" href=\"https:\/\/arvydev.com\/lt\/kontaktai\/#wpforms-form-11\">\n\t\t\t\t\t\t<span class=\"elementor-button-content-wrapper\">\n\t\t\t\t\t\t\t\t\t<span class=\"elementor-button-text\">Gaukite Pasi\u016blym\u0105<\/span>\n\t\t\t\t\t<\/span>\n\t\t\t\t\t<\/a>\n\t\t\t\t<\/div>\n\t\t\t\t\t\t\t\t<\/div>\n\t\t\t\t<\/div>\n\t\t\t\t\t<\/div>\n\t\t<\/div>\n\t\t\t\t\t<\/div>\n\t\t<\/section>\n\t\t\t\t<\/div>\n\t\t","protected":false},"excerpt":{"rendered":"<p>Dynamics 365 Business Central Microsoft Dynamics 365 Business Central is a cloud-based, all-in-one business management solution that helps small and midsize businesses streamline processes, improve customer interactions, and make better decisions. It combines powerful ERP functionality including financials, inventory, sales, and customer service, with intelligent AI capabilities, to provide users with an integrated and comprehensive &hellip;<\/p>\n<p class=\"read-more\"> <a class=\"\" href=\"https:\/\/arvydev.com\/lt\/1262-2\/\">  Skaityti daugiau &raquo;<\/a><\/p>\n","protected":false},"author":1,"featured_media":0,"parent":0,"menu_order":0,"comment_status":"closed","ping_status":"closed","template":"","meta":{"_monsterinsights_skip_tracking":false,"_monsterinsights_sitenote_active":false,"_monsterinsights_sitenote_note":"","_monsterinsights_sitenote_category":0,"site-sidebar-layout":"no-sidebar","site-content-layout":"page-builder","ast-global-header-display":"","ast-main-header-display":"","ast-hfb-above-header-display":"","ast-hfb-below-header-display":"","ast-hfb-mobile-header-display":"","site-post-title":"disabled","ast-breadcrumbs-content":"","ast-featured-img":"disabled","footer-sml-layout":"","theme-transparent-header-meta":"","adv-header-id-meta":"","stick-header-meta":"","header-above-stick-meta":"","header-main-stick-meta":"","header-below-stick-meta":"","footnotes":""},"class_list":["post-1262","page","type-page","status-publish","hentry"],"yoast_head":"<!-- This site is optimized with the Yoast SEO plugin v22.5 - https:\/\/yoast.com\/wordpress\/plugins\/seo\/ -->\n<title>-<\/title>\n<meta name=\"robots\" content=\"index, follow, max-snippet:-1, max-image-preview:large, max-video-preview:-1\" \/>\n<link rel=\"canonical\" href=\"https:\/\/arvydev.com\/lt\/1262-2\/\" \/>\n<meta property=\"og:locale\" content=\"lt_LT\" \/>\n<meta property=\"og:type\" content=\"article\" \/>\n<meta property=\"og:title\" content=\"-\" \/>\n<meta property=\"og:description\" content=\"Dynamics 365 Business Central Microsoft Dynamics 365 Business Central is a cloud-based, all-in-one business management solution that helps small and midsize businesses streamline processes, improve customer interactions, and make better decisions. It combines powerful ERP functionality including financials, inventory, sales, and customer service, with intelligent AI capabilities, to provide users with an integrated and comprehensive &hellip;  Skaityti daugiau &raquo;\" \/>\n<meta property=\"og:url\" content=\"https:\/\/arvydev.com\/lt\/1262-2\/\" \/>\n<meta property=\"article:modified_time\" content=\"2024-01-31T13:32:05+00:00\" \/>\n<meta property=\"og:image\" content=\"https:\/\/arvydev.com\/wp-content\/uploads\/2022\/11\/microsoft-dynamics-365-business-central-1.png\" \/>\n<meta name=\"twitter:card\" content=\"summary_large_image\" \/>\n<meta name=\"twitter:label1\" content=\"Est. reading time\" \/>\n\t<meta name=\"twitter:data1\" content=\"1 minut\u0117\" \/>\n<script type=\"application\/ld+json\" class=\"yoast-schema-graph\">{\"@context\":\"https:\/\/schema.org\",\"@graph\":[{\"@type\":\"WebPage\",\"@id\":\"https:\/\/arvydev.com\/lt\/1262-2\/\",\"url\":\"https:\/\/arvydev.com\/lt\/1262-2\/\",\"name\":\"-\",\"isPartOf\":{\"@id\":\"https:\/\/arvydev.com\/#website\"},\"primaryImageOfPage\":{\"@id\":\"https:\/\/arvydev.com\/lt\/1262-2\/#primaryimage\"},\"image\":{\"@id\":\"https:\/\/arvydev.com\/lt\/1262-2\/#primaryimage\"},\"thumbnailUrl\":\"https:\/\/arvydev.com\/wp-content\/uploads\/2022\/11\/microsoft-dynamics-365-business-central-1.png\",\"datePublished\":\"2023-01-21T15:52:01+00:00\",\"dateModified\":\"2024-01-31T13:32:05+00:00\",\"inLanguage\":\"lt-LT\",\"potentialAction\":[{\"@type\":\"ReadAction\",\"target\":[\"https:\/\/arvydev.com\/lt\/1262-2\/\"]}]},{\"@type\":\"ImageObject\",\"inLanguage\":\"lt-LT\",\"@id\":\"https:\/\/arvydev.com\/lt\/1262-2\/#primaryimage\",\"url\":\"https:\/\/arvydev.com\/wp-content\/uploads\/2022\/11\/microsoft-dynamics-365-business-central-1.png\",\"contentUrl\":\"https:\/\/arvydev.com\/wp-content\/uploads\/2022\/11\/microsoft-dynamics-365-business-central-1.png\"},{\"@type\":\"WebSite\",\"@id\":\"https:\/\/arvydev.com\/#website\",\"url\":\"https:\/\/arvydev.com\/\",\"name\":\"arvydev.com\",\"description\":\"Professional Dynamics NAV Business Central Development\",\"publisher\":{\"@id\":\"https:\/\/arvydev.com\/#organization\"},\"potentialAction\":[{\"@type\":\"SearchAction\",\"target\":{\"@type\":\"EntryPoint\",\"urlTemplate\":\"https:\/\/arvydev.com\/?s={search_term_string}\"},\"query-input\":\"required name=search_term_string\"}],\"inLanguage\":\"lt-LT\"},{\"@type\":\"Organization\",\"@id\":\"https:\/\/arvydev.com\/#organization\",\"name\":\"ArvyDev\",\"url\":\"https:\/\/arvydev.com\/\",\"logo\":{\"@type\":\"ImageObject\",\"inLanguage\":\"lt-LT\",\"@id\":\"https:\/\/arvydev.com\/#\/schema\/logo\/image\/\",\"url\":\"https:\/\/arvydev.com\/wp-content\/uploads\/2023\/01\/ADBlueCropped.png\",\"contentUrl\":\"https:\/\/arvydev.com\/wp-content\/uploads\/2023\/01\/ADBlueCropped.png\",\"width\":1555,\"height\":1312,\"caption\":\"ArvyDev\"},\"image\":{\"@id\":\"https:\/\/arvydev.com\/#\/schema\/logo\/image\/\"}}]}<\/script>\n<!-- \/ Yoast SEO plugin. -->","yoast_head_json":{"title":"-","robots":{"index":"index","follow":"follow","max-snippet":"max-snippet:-1","max-image-preview":"max-image-preview:large","max-video-preview":"max-video-preview:-1"},"canonical":"https:\/\/arvydev.com\/lt\/1262-2\/","og_locale":"lt_LT","og_type":"article","og_title":"-","og_description":"Dynamics 365 Business Central Microsoft Dynamics 365 Business Central is a cloud-based, all-in-one business management solution that helps small and midsize businesses streamline processes, improve customer interactions, and make better decisions. It combines powerful ERP functionality including financials, inventory, sales, and customer service, with intelligent AI capabilities, to provide users with an integrated and comprehensive &hellip;  Skaityti daugiau &raquo;","og_url":"https:\/\/arvydev.com\/lt\/1262-2\/","article_modified_time":"2024-01-31T13:32:05+00:00","og_image":[{"url":"https:\/\/arvydev.com\/wp-content\/uploads\/2022\/11\/microsoft-dynamics-365-business-central-1.png"}],"twitter_card":"summary_large_image","twitter_misc":{"Est. reading time":"1 minut\u0117"},"schema":{"@context":"https:\/\/schema.org","@graph":[{"@type":"WebPage","@id":"https:\/\/arvydev.com\/lt\/1262-2\/","url":"https:\/\/arvydev.com\/lt\/1262-2\/","name":"-","isPartOf":{"@id":"https:\/\/arvydev.com\/#website"},"primaryImageOfPage":{"@id":"https:\/\/arvydev.com\/lt\/1262-2\/#primaryimage"},"image":{"@id":"https:\/\/arvydev.com\/lt\/1262-2\/#primaryimage"},"thumbnailUrl":"https:\/\/arvydev.com\/wp-content\/uploads\/2022\/11\/microsoft-dynamics-365-business-central-1.png","datePublished":"2023-01-21T15:52:01+00:00","dateModified":"2024-01-31T13:32:05+00:00","inLanguage":"lt-LT","potentialAction":[{"@type":"ReadAction","target":["https:\/\/arvydev.com\/lt\/1262-2\/"]}]},{"@type":"ImageObject","inLanguage":"lt-LT","@id":"https:\/\/arvydev.com\/lt\/1262-2\/#primaryimage","url":"https:\/\/arvydev.com\/wp-content\/uploads\/2022\/11\/microsoft-dynamics-365-business-central-1.png","contentUrl":"https:\/\/arvydev.com\/wp-content\/uploads\/2022\/11\/microsoft-dynamics-365-business-central-1.png"},{"@type":"WebSite","@id":"https:\/\/arvydev.com\/#website","url":"https:\/\/arvydev.com\/","name":"arvydev.com","description":"Professional Dynamics NAV Business Central Development","publisher":{"@id":"https:\/\/arvydev.com\/#organization"},"potentialAction":[{"@type":"SearchAction","target":{"@type":"EntryPoint","urlTemplate":"https:\/\/arvydev.com\/?s={search_term_string}"},"query-input":"required name=search_term_string"}],"inLanguage":"lt-LT"},{"@type":"Organization","@id":"https:\/\/arvydev.com\/#organization","name":"ArvyDev","url":"https:\/\/arvydev.com\/","logo":{"@type":"ImageObject","inLanguage":"lt-LT","@id":"https:\/\/arvydev.com\/#\/schema\/logo\/image\/","url":"https:\/\/arvydev.com\/wp-content\/uploads\/2023\/01\/ADBlueCropped.png","contentUrl":"https:\/\/arvydev.com\/wp-content\/uploads\/2023\/01\/ADBlueCropped.png","width":1555,"height":1312,"caption":"ArvyDev"},"image":{"@id":"https:\/\/arvydev.com\/#\/schema\/logo\/image\/"}}]}},"_links":{"self":[{"href":"https:\/\/arvydev.com\/lt\/wp-json\/wp\/v2\/pages\/1262","targetHints":{"allow":["GET"]}}],"collection":[{"href":"https:\/\/arvydev.com\/lt\/wp-json\/wp\/v2\/pages"}],"about":[{"href":"https:\/\/arvydev.com\/lt\/wp-json\/wp\/v2\/types\/page"}],"author":[{"embeddable":true,"href":"https:\/\/arvydev.com\/lt\/wp-json\/wp\/v2\/users\/1"}],"replies":[{"embeddable":true,"href":"https:\/\/arvydev.com\/lt\/wp-json\/wp\/v2\/comments?post=1262"}],"version-history":[{"count":7,"href":"https:\/\/arvydev.com\/lt\/wp-json\/wp\/v2\/pages\/1262\/revisions"}],"predecessor-version":[{"id":1300,"href":"https:\/\/arvydev.com\/lt\/wp-json\/wp\/v2\/pages\/1262\/revisions\/1300"}],"wp:attachment":[{"href":"https:\/\/arvydev.com\/lt\/wp-json\/wp\/v2\/media?parent=1262"}],"curies":[{"name":"wp","href":"https:\/\/api.w.org\/{rel}","templated":true}]}}